{"id":23158,"date":"2025-09-22T14:29:21","date_gmt":"2025-09-22T14:29:21","guid":{"rendered":"https:\/\/steffenfreiling.de\/shop\/n-5981-fine-art-print-framed\/"},"modified":"2025-11-20T11:08:55","modified_gmt":"2025-11-20T11:08:55","slug":"n-5981-fine-art-print-framed","status":"publish","type":"product","link":"https:\/\/steffenfreiling.de\/en\/product\/n-5981-fine-art-print-framed\/","title":{"rendered":"N\u00b0 5981 (Fine Art Print framed)"},"content":{"rendered":"<p>Bl\u00fcten. \u00dcberall um uns herum \u2013 und doch fast unsichtbar.<br \/>Beyond the Bloom bringt sie radikal ins Bild: extreme Close-ups, radikale Vergr\u00f6\u00dferungen, pure Farbe und Struktur. Die vertraute Form l\u00f6st sich auf, verwandelt sich in vibrierende Kompositionen zwischen Natur und Abstraktion. Was bleibt, ist ein intensiver Dialog von Licht, Farbe und Oberfl\u00e4che \u2013 mal leuchtend und klar, mal geheimnisvoll und fast surreal. Ein Moment, der uns zwingt, neu hinzusehen.    <\/p>\n<p><strong>Warum ein Werk aus Beyond the Bloom?<\/strong><\/p>\n<ul>\n<li>Starke Farbakzente, die jeden Raum sofort ver\u00e4ndern<\/li>\n<li>Kunst, die Energie und Pr\u00e4senz zeigt<\/li>\n<li>Limited editions &#8211; exclusive, signed, numbered<\/li>\n<li>Printed in museum quality on fine art paper of the highest archival quality<\/li>\n<\/ul>\n<ul>\n<li>Presented in a high-quality solid wood or aluminum frame<\/li>\n<li>with acid-free passe-partout<\/li>\n<li>and anti-reflective museum glass<\/li>\n<\/ul>\n","protected":false},"excerpt":{"rendered":"<p>Format: cm (total: cm) &#8211; Passepartout width: variable cm<\/p>\n","protected":false},"featured_media":10583,"comment_status":"open","ping_status":"closed","template":"","meta":[],"product_brand":[],"product_cat":[372,379,380],"product_tag":[382,860,383,861,390,862,395,867,893,921,961,1002,1003],"class_list":{"0":"post-23158","1":"product","2":"type-product","3":"status-publish","4":"has-post-thumbnail","6":"product_cat-beyond-the-bloom","7":"product_cat-framed-fine-art-print","8":"product_cat-series","9":"product_tag-white","10":"product_tag-lightness","11":"product_tag-landscape-format","12":"product_tag-energy","13":"product_tag-green","14":"product_tag-liveliness","15":"product_tag-nature","16":"product_tag-expression","17":"product_tag-freshness","18":"product_tag-light-green","19":"product_tag-spring","20":"product_tag-grass","21":"product_tag-hope","23":"first","24":"instock","25":"taxable","26":"shipping-taxable","27":"purchasable","28":"product-type-variable"},"yoast_head":"<!-- This site is optimized with the Yoast SEO plugin v27.4 - https:\/\/yoast.com\/product\/yoast-seo-wordpress\/ -->\n<title>N\u00b0 5981 (Fine Art Print framed) - Fine Art Photography | Limited Editions | Steffen Freiling<\/title>\n<meta name=\"robots\" content=\"index, follow, max-snippet:-1, max-image-preview:large, max-video-preview:-1\" \/>\n<link rel=\"canonical\" href=\"https:\/\/steffenfreiling.de\/en\/product\/n-5981-fine-art-print-framed\/\" \/>\n<meta property=\"og:locale\" content=\"en_US\" \/>\n<meta property=\"og:type\" content=\"article\" \/>\n<meta property=\"og:title\" content=\"N\u00b0 5981 (Fine Art Print framed) - Fine Art Photography | Limited Editions | Steffen Freiling\" \/>\n<meta property=\"og:description\" content=\"Format: cm (total: cm) - Passepartout width: variable cm\" \/>\n<meta property=\"og:url\" content=\"https:\/\/steffenfreiling.de\/en\/product\/n-5981-fine-art-print-framed\/\" \/>\n<meta property=\"og:site_name\" content=\"Fine Art Photography | Limited Editions | Steffen Freiling\" \/>\n<meta property=\"article:publisher\" content=\"https:\/\/www.facebook.com\/SteffenFreilingPhotography\" \/>\n<meta property=\"article:modified_time\" content=\"2025-11-20T11:08:55+00:00\" \/>\n<meta property=\"og:image\" content=\"https:\/\/steffenfreiling.de\/wp-content\/uploads\/2025\/09\/STF5981-the-color-codes-V01-schwarz.webp\" \/>\n\t<meta property=\"og:image:width\" content=\"2000\" \/>\n\t<meta property=\"og:image:height\" content=\"1607\" \/>\n\t<meta property=\"og:image:type\" content=\"image\/webp\" \/>\n<meta name=\"twitter:card\" content=\"summary_large_image\" \/>\n<meta name=\"twitter:label1\" content=\"Est. reading time\" \/>\n\t<meta name=\"twitter:data1\" content=\"1 minute\" \/>\n<script type=\"application\/ld+json\" class=\"yoast-schema-graph\">{\"@context\":\"https:\\\/\\\/schema.org\",\"@graph\":[{\"@type\":\"WebPage\",\"@id\":\"https:\\\/\\\/steffenfreiling.de\\\/en\\\/product\\\/n-5981-fine-art-print-framed\\\/\",\"url\":\"https:\\\/\\\/steffenfreiling.de\\\/en\\\/product\\\/n-5981-fine-art-print-framed\\\/\",\"name\":\"N\u00b0 5981 (Fine Art Print framed) - Fine Art Photography | Limited Editions | Steffen Freiling\",\"isPartOf\":{\"@id\":\"https:\\\/\\\/steffenfreiling.de\\\/en\\\/#website\"},\"primaryImageOfPage\":{\"@id\":\"https:\\\/\\\/steffenfreiling.de\\\/en\\\/product\\\/n-5981-fine-art-print-framed\\\/#primaryimage\"},\"image\":{\"@id\":\"https:\\\/\\\/steffenfreiling.de\\\/en\\\/product\\\/n-5981-fine-art-print-framed\\\/#primaryimage\"},\"thumbnailUrl\":\"https:\\\/\\\/steffenfreiling.de\\\/wp-content\\\/uploads\\\/2025\\\/09\\\/STF5981-the-color-codes-V01-schwarz.webp\",\"datePublished\":\"2025-09-22T14:29:21+00:00\",\"dateModified\":\"2025-11-20T11:08:55+00:00\",\"breadcrumb\":{\"@id\":\"https:\\\/\\\/steffenfreiling.de\\\/en\\\/product\\\/n-5981-fine-art-print-framed\\\/#breadcrumb\"},\"inLanguage\":\"en-US\",\"potentialAction\":[{\"@type\":\"ReadAction\",\"target\":[\"https:\\\/\\\/steffenfreiling.de\\\/en\\\/product\\\/n-5981-fine-art-print-framed\\\/\"]}]},{\"@type\":\"ImageObject\",\"inLanguage\":\"en-US\",\"@id\":\"https:\\\/\\\/steffenfreiling.de\\\/en\\\/product\\\/n-5981-fine-art-print-framed\\\/#primaryimage\",\"url\":\"https:\\\/\\\/steffenfreiling.de\\\/wp-content\\\/uploads\\\/2025\\\/09\\\/STF5981-the-color-codes-V01-schwarz.webp\",\"contentUrl\":\"https:\\\/\\\/steffenfreiling.de\\\/wp-content\\\/uploads\\\/2025\\\/09\\\/STF5981-the-color-codes-V01-schwarz.webp\",\"width\":2000,\"height\":1607},{\"@type\":\"BreadcrumbList\",\"@id\":\"https:\\\/\\\/steffenfreiling.de\\\/en\\\/product\\\/n-5981-fine-art-print-framed\\\/#breadcrumb\",\"itemListElement\":[{\"@type\":\"ListItem\",\"position\":1,\"name\":\"Startseite\",\"item\":\"https:\\\/\\\/steffenfreiling.de\\\/en\\\/\"},{\"@type\":\"ListItem\",\"position\":2,\"name\":\"Products\",\"item\":\"https:\\\/\\\/steffenfreiling.de\\\/en\\\/shop\\\/\"},{\"@type\":\"ListItem\",\"position\":3,\"name\":\"N\u00b0 5981 (Fine Art Print framed)\"}]},{\"@type\":\"WebSite\",\"@id\":\"https:\\\/\\\/steffenfreiling.de\\\/en\\\/#website\",\"url\":\"https:\\\/\\\/steffenfreiling.de\\\/en\\\/\",\"name\":\"Fine Art Photography | Limited Editions | Steffen Freiling\",\"description\":\"Exclusive Fine Art Prints & Slit Scan Masterpieces\",\"publisher\":{\"@id\":\"https:\\\/\\\/steffenfreiling.de\\\/en\\\/#\\\/schema\\\/person\\\/c75e304ac2563e4ff7ee9efb8ad17a78\"},\"potentialAction\":[{\"@type\":\"SearchAction\",\"target\":{\"@type\":\"EntryPoint\",\"urlTemplate\":\"https:\\\/\\\/steffenfreiling.de\\\/en\\\/?s={search_term_string}\"},\"query-input\":{\"@type\":\"PropertyValueSpecification\",\"valueRequired\":true,\"valueName\":\"search_term_string\"}}],\"inLanguage\":\"en-US\"},{\"@type\":[\"Person\",\"Organization\"],\"@id\":\"https:\\\/\\\/steffenfreiling.de\\\/en\\\/#\\\/schema\\\/person\\\/c75e304ac2563e4ff7ee9efb8ad17a78\",\"name\":\"Steffen Freiling\",\"image\":{\"@type\":\"ImageObject\",\"inLanguage\":\"en-US\",\"@id\":\"https:\\\/\\\/steffenfreiling.de\\\/wp-content\\\/uploads\\\/2025\\\/05\\\/SF-PhotoWorks-Top-Werbemittel-2000.png\",\"url\":\"https:\\\/\\\/steffenfreiling.de\\\/wp-content\\\/uploads\\\/2025\\\/05\\\/SF-PhotoWorks-Top-Werbemittel-2000.png\",\"contentUrl\":\"https:\\\/\\\/steffenfreiling.de\\\/wp-content\\\/uploads\\\/2025\\\/05\\\/SF-PhotoWorks-Top-Werbemittel-2000.png\",\"width\":2000,\"height\":2000,\"caption\":\"Steffen Freiling\"},\"logo\":{\"@id\":\"https:\\\/\\\/steffenfreiling.de\\\/wp-content\\\/uploads\\\/2025\\\/05\\\/SF-PhotoWorks-Top-Werbemittel-2000.png\"},\"description\":\"Fine art photographer Steffen Freiling specializes in slit-scan techniques and limited edition prints.\",\"sameAs\":[\"http:\\\/\\\/steffenfreiling.de\",\"https:\\\/\\\/www.facebook.com\\\/SteffenFreilingPhotography\",\"https:\\\/\\\/www.instagram.com\\\/steffenfreilingphotography\\\/\",\"https:\\\/\\\/www.linkedin.com\\\/in\\\/steffen-freiling-050922bb\\\/\",\"https:\\\/\\\/www.youtube.com\\\/@TonyPSF\"]}]}<\/script>\n<!-- \/ Yoast SEO plugin. -->","yoast_head_json":{"title":"N\u00b0 5981 (Fine Art Print framed) - Fine Art Photography | Limited Editions | Steffen Freiling","robots":{"index":"index","follow":"follow","max-snippet":"max-snippet:-1","max-image-preview":"max-image-preview:large","max-video-preview":"max-video-preview:-1"},"canonical":"https:\/\/steffenfreiling.de\/en\/product\/n-5981-fine-art-print-framed\/","og_locale":"en_US","og_type":"article","og_title":"N\u00b0 5981 (Fine Art Print framed) - Fine Art Photography | Limited Editions | Steffen Freiling","og_description":"Format: cm (total: cm) - Passepartout width: variable cm","og_url":"https:\/\/steffenfreiling.de\/en\/product\/n-5981-fine-art-print-framed\/","og_site_name":"Fine Art Photography | Limited Editions | Steffen Freiling","article_publisher":"https:\/\/www.facebook.com\/SteffenFreilingPhotography","article_modified_time":"2025-11-20T11:08:55+00:00","og_image":[{"width":2000,"height":1607,"url":"https:\/\/steffenfreiling.de\/wp-content\/uploads\/2025\/09\/STF5981-the-color-codes-V01-schwarz.webp","type":"image\/webp"}],"twitter_card":"summary_large_image","twitter_misc":{"Est. reading time":"1 minute"},"schema":{"@context":"https:\/\/schema.org","@graph":[{"@type":"WebPage","@id":"https:\/\/steffenfreiling.de\/en\/product\/n-5981-fine-art-print-framed\/","url":"https:\/\/steffenfreiling.de\/en\/product\/n-5981-fine-art-print-framed\/","name":"N\u00b0 5981 (Fine Art Print framed) - Fine Art Photography | Limited Editions | Steffen Freiling","isPartOf":{"@id":"https:\/\/steffenfreiling.de\/en\/#website"},"primaryImageOfPage":{"@id":"https:\/\/steffenfreiling.de\/en\/product\/n-5981-fine-art-print-framed\/#primaryimage"},"image":{"@id":"https:\/\/steffenfreiling.de\/en\/product\/n-5981-fine-art-print-framed\/#primaryimage"},"thumbnailUrl":"https:\/\/steffenfreiling.de\/wp-content\/uploads\/2025\/09\/STF5981-the-color-codes-V01-schwarz.webp","datePublished":"2025-09-22T14:29:21+00:00","dateModified":"2025-11-20T11:08:55+00:00","breadcrumb":{"@id":"https:\/\/steffenfreiling.de\/en\/product\/n-5981-fine-art-print-framed\/#breadcrumb"},"inLanguage":"en-US","potentialAction":[{"@type":"ReadAction","target":["https:\/\/steffenfreiling.de\/en\/product\/n-5981-fine-art-print-framed\/"]}]},{"@type":"ImageObject","inLanguage":"en-US","@id":"https:\/\/steffenfreiling.de\/en\/product\/n-5981-fine-art-print-framed\/#primaryimage","url":"https:\/\/steffenfreiling.de\/wp-content\/uploads\/2025\/09\/STF5981-the-color-codes-V01-schwarz.webp","contentUrl":"https:\/\/steffenfreiling.de\/wp-content\/uploads\/2025\/09\/STF5981-the-color-codes-V01-schwarz.webp","width":2000,"height":1607},{"@type":"BreadcrumbList","@id":"https:\/\/steffenfreiling.de\/en\/product\/n-5981-fine-art-print-framed\/#breadcrumb","itemListElement":[{"@type":"ListItem","position":1,"name":"Startseite","item":"https:\/\/steffenfreiling.de\/en\/"},{"@type":"ListItem","position":2,"name":"Products","item":"https:\/\/steffenfreiling.de\/en\/shop\/"},{"@type":"ListItem","position":3,"name":"N\u00b0 5981 (Fine Art Print framed)"}]},{"@type":"WebSite","@id":"https:\/\/steffenfreiling.de\/en\/#website","url":"https:\/\/steffenfreiling.de\/en\/","name":"Fine Art Photography | Limited Editions | Steffen Freiling","description":"Exclusive Fine Art Prints & Slit Scan Masterpieces","publisher":{"@id":"https:\/\/steffenfreiling.de\/en\/#\/schema\/person\/c75e304ac2563e4ff7ee9efb8ad17a78"},"potentialAction":[{"@type":"SearchAction","target":{"@type":"EntryPoint","urlTemplate":"https:\/\/steffenfreiling.de\/en\/?s={search_term_string}"},"query-input":{"@type":"PropertyValueSpecification","valueRequired":true,"valueName":"search_term_string"}}],"inLanguage":"en-US"},{"@type":["Person","Organization"],"@id":"https:\/\/steffenfreiling.de\/en\/#\/schema\/person\/c75e304ac2563e4ff7ee9efb8ad17a78","name":"Steffen Freiling","image":{"@type":"ImageObject","inLanguage":"en-US","@id":"https:\/\/steffenfreiling.de\/wp-content\/uploads\/2025\/05\/SF-PhotoWorks-Top-Werbemittel-2000.png","url":"https:\/\/steffenfreiling.de\/wp-content\/uploads\/2025\/05\/SF-PhotoWorks-Top-Werbemittel-2000.png","contentUrl":"https:\/\/steffenfreiling.de\/wp-content\/uploads\/2025\/05\/SF-PhotoWorks-Top-Werbemittel-2000.png","width":2000,"height":2000,"caption":"Steffen Freiling"},"logo":{"@id":"https:\/\/steffenfreiling.de\/wp-content\/uploads\/2025\/05\/SF-PhotoWorks-Top-Werbemittel-2000.png"},"description":"Fine art photographer Steffen Freiling specializes in slit-scan techniques and limited edition prints.","sameAs":["http:\/\/steffenfreiling.de","https:\/\/www.facebook.com\/SteffenFreilingPhotography","https:\/\/www.instagram.com\/steffenfreilingphotography\/","https:\/\/www.linkedin.com\/in\/steffen-freiling-050922bb\/","https:\/\/www.youtube.com\/@TonyPSF"]}]}},"_links":{"self":[{"href":"https:\/\/steffenfreiling.de\/en\/wp-json\/wp\/v2\/product\/23158","targetHints":{"allow":["GET"]}}],"collection":[{"href":"https:\/\/steffenfreiling.de\/en\/wp-json\/wp\/v2\/product"}],"about":[{"href":"https:\/\/steffenfreiling.de\/en\/wp-json\/wp\/v2\/types\/product"}],"replies":[{"embeddable":true,"href":"https:\/\/steffenfreiling.de\/en\/wp-json\/wp\/v2\/comments?post=23158"}],"wp:featuredmedia":[{"embeddable":true,"href":"https:\/\/steffenfreiling.de\/en\/wp-json\/wp\/v2\/media\/10583"}],"wp:attachment":[{"href":"https:\/\/steffenfreiling.de\/en\/wp-json\/wp\/v2\/media?parent=23158"}],"wp:term":[{"taxonomy":"product_brand","embeddable":true,"href":"https:\/\/steffenfreiling.de\/en\/wp-json\/wp\/v2\/product_brand?post=23158"},{"taxonomy":"product_cat","embeddable":true,"href":"https:\/\/steffenfreiling.de\/en\/wp-json\/wp\/v2\/product_cat?post=23158"},{"taxonomy":"product_tag","embeddable":true,"href":"https:\/\/steffenfreiling.de\/en\/wp-json\/wp\/v2\/product_tag?post=23158"}],"curies":[{"name":"wp","href":"https:\/\/api.w.org\/{rel}","templated":true}]}}